{"id":616,"date":"2019-10-25T09:50:44","date_gmt":"2019-10-25T09:50:44","guid":{"rendered":"http:\/\/demo.athemes.com\/sydney-redesign\/?page_id=13"},"modified":"2026-02-26T10:09:48","modified_gmt":"2026-02-26T15:09:48","slug":"home","status":"publish","type":"page","link":"https:\/\/globalmindfulnesscollaborative.org\/es\/","title":{"rendered":"Front page"},"content":{"rendered":"<div data-elementor-type=\"wp-page\" data-elementor-id=\"616\" class=\"elementor elementor-616\" data-elementor-post-type=\"page\">\n\t\t\t\t\t\t<section class=\"elementor-section elementor-top-section elementor-element elementor-element-3ab0436 elementor-section-full_width elementor-section-height-min-height elementor-section-content-middle elementor-section-height-default elementor-section-items-middle\" data-id=\"3ab0436\" data-element_type=\"section\" data-e-type=\"section\" data-settings=\"{&quot;background_background&quot;:&quot;classic&quot;}\">\n\t\t\t\t\t\t<div class=\"elementor-container elementor-column-gap-default\">\n\t\t\t\t\t<div class=\"elementor-column elementor-col-100 elementor-top-column elementor-element elementor-element-c22978e\" data-id=\"c22978e\" data-element_type=\"column\" data-e-type=\"column\">\n\t\t\t<div class=\"elementor-widget-wrap elementor-element-populated\">\n\t\t\t\t\t\t<section class=\"elementor-section elementor-inner-section elementor-element elementor-element-bf31623 elementor-section-boxed elementor-section-height-default elementor-section-height-default\" data-id=\"bf31623\" data-element_type=\"section\" data-e-type=\"section\">\n\t\t\t\t\t\t<div class=\"elementor-container elementor-column-gap-default\">\n\t\t\t\t\t<div class=\"elementor-column elementor-col-50 elementor-inner-column elementor-element elementor-element-85eed51\" data-id=\"85eed51\" data-element_type=\"column\" data-e-type=\"column\">\n\t\t\t<div class=\"elementor-widget-wrap elementor-element-populated\">\n\t\t\t\t\t\t<div class=\"elementor-element elementor-element-9759763 elementor-widget elementor-widget-heading\" data-id=\"9759763\" data-element_type=\"widget\" data-e-type=\"widget\" data-widget_type=\"heading.default\">\n\t\t\t\t<div class=\"elementor-widget-container\">\n\t\t\t\t\t<h1 class=\"elementor-heading-title elementor-size-xxl\">Red Colaborativa Global de Mindfulness<\/h1>\t\t\t\t<\/div>\n\t\t\t\t<\/div>\n\t\t\t\t<div class=\"elementor-element elementor-element-f5e2e7b elementor-widget elementor-widget-text-editor\" data-id=\"f5e2e7b\" data-element_type=\"widget\" data-e-type=\"widget\" data-widget_type=\"text-editor.default\">\n\t\t\t\t<div class=\"elementor-widget-container\">\n\t\t\t\t\t\t\t\t\t<p style=\"text-align: left;\" class=\"translation-block\">La Red Colaborativa Global de Mindfulness (en ingl\u00e9s GMC-Global Mindfulness Collaborative) es una red internacional de formadores\/as de profesores\/as de MBSR, comprometida con ofrecer una formaci\u00f3n de docentes de MBSR basada en la evidencia y alineada con altos est\u00e1ndares de calidad y buenas pr\u00e1cticas.<\/p>\t\t\t\t\t\t\t\t<\/div>\n\t\t\t\t<\/div>\n\t\t\t\t\t<\/div>\n\t\t<\/div>\n\t\t\t\t<div class=\"elementor-column elementor-col-50 elementor-inner-column elementor-element elementor-element-d8e58e3\" data-id=\"d8e58e3\" data-element_type=\"column\" data-e-type=\"column\">\n\t\t\t<div class=\"elementor-widget-wrap elementor-element-populated\">\n\t\t\t\t\t\t<div class=\"elementor-element elementor-element-9e1b3d4 elementor-widget elementor-widget-image\" data-id=\"9e1b3d4\" data-element_type=\"widget\" data-e-type=\"widget\" data-widget_type=\"image.default\">\n\t\t\t\t<div class=\"elementor-widget-container\">\n\t\t\t\t\t\t\t\t\t\t\t\t\t\t\t<img fetchpriority=\"high\" decoding=\"async\" width=\"878\" height=\"1024\" src=\"https:\/\/globalmindfulnesscollaborative.org\/wp-content\/uploads\/2026\/02\/Members-Collage-v3-small-green-878x1024.jpg\" class=\"attachment-large size-large wp-image-3406\" alt=\"\" srcset=\"https:\/\/globalmindfulnesscollaborative.org\/wp-content\/uploads\/2026\/02\/Members-Collage-v3-small-green-878x1024.jpg 878w, https:\/\/globalmindfulnesscollaborative.org\/wp-content\/uploads\/2026\/02\/Members-Collage-v3-small-green-257x300.jpg 257w, https:\/\/globalmindfulnesscollaborative.org\/wp-content\/uploads\/2026\/02\/Members-Collage-v3-small-green-768x896.jpg 768w, https:\/\/globalmindfulnesscollaborative.org\/wp-content\/uploads\/2026\/02\/Members-Collage-v3-small-green-1316x1536.jpg 1316w, https:\/\/globalmindfulnesscollaborative.org\/wp-content\/uploads\/2026\/02\/Members-Collage-v3-small-green-1755x2048.jpg 1755w, https:\/\/globalmindfulnesscollaborative.org\/wp-content\/uploads\/2026\/02\/Members-Collage-v3-small-green-10x12.jpg 10w, https:\/\/globalmindfulnesscollaborative.org\/wp-content\/uploads\/2026\/02\/Members-Collage-v3-small-green-1000x1167.jpg 1000w, https:\/\/globalmindfulnesscollaborative.org\/wp-content\/uploads\/2026\/02\/Members-Collage-v3-small-green-230x268.jpg 230w, https:\/\/globalmindfulnesscollaborative.org\/wp-content\/uploads\/2026\/02\/Members-Collage-v3-small-green-350x408.jpg 350w, https:\/\/globalmindfulnesscollaborative.org\/wp-content\/uploads\/2026\/02\/Members-Collage-v3-small-green-480x560.jpg 480w, https:\/\/globalmindfulnesscollaborative.org\/wp-content\/uploads\/2026\/02\/Members-Collage-v3-small-green.jpg 1900w\" sizes=\"(max-width: 878px) 100vw, 878px\" \/>\t\t\t\t\t\t\t\t\t\t\t\t\t\t\t<\/div>\n\t\t\t\t<\/div>\n\t\t\t\t\t<\/div>\n\t\t<\/div>\n\t\t\t\t\t<\/div>\n\t\t<\/section>\n\t\t\t\t\t<\/div>\n\t\t<\/div>\n\t\t\t\t\t<\/div>\n\t\t<\/section>\n\t\t\t\t<section class=\"elementor-section elementor-top-section elementor-element elementor-element-c451e2e elementor-section-boxed elementor-section-height-default elementor-section-height-default\" data-id=\"c451e2e\" data-element_type=\"section\" data-e-type=\"section\">\n\t\t\t\t\t\t<div class=\"elementor-container elementor-column-gap-default\">\n\t\t\t\t\t<div class=\"elementor-column elementor-col-100 elementor-top-column elementor-element elementor-element-5b30500\" data-id=\"5b30500\" data-element_type=\"column\" data-e-type=\"column\">\n\t\t\t<div class=\"elementor-widget-wrap elementor-element-populated\">\n\t\t\t\t\t\t\t<\/div>\n\t\t<\/div>\n\t\t\t\t\t<\/div>\n\t\t<\/section>\n\t\t\t\t<section class=\"elementor-section elementor-top-section elementor-element elementor-element-da8ab40 elementor-section-boxed elementor-section-height-default elementor-section-height-default\" data-id=\"da8ab40\" data-element_type=\"section\" data-e-type=\"section\">\n\t\t\t\t\t\t<div class=\"elementor-container elementor-column-gap-default\">\n\t\t\t\t\t<div class=\"elementor-column elementor-col-100 elementor-top-column elementor-element elementor-element-4e601f7\" data-id=\"4e601f7\" data-element_type=\"column\" data-e-type=\"column\">\n\t\t\t<div class=\"elementor-widget-wrap elementor-element-populated\">\n\t\t\t\t\t\t<div class=\"elementor-element elementor-element-2e61f62 elementor-widget elementor-widget-text-editor\" data-id=\"2e61f62\" data-element_type=\"widget\" data-e-type=\"widget\" data-widget_type=\"text-editor.default\">\n\t\t\t\t<div class=\"elementor-widget-container\">\n\t\t\t\t\t\t\t\t\t<h6>Para las personas que quieren llegar a ser <b>profesores\/as del Programa de Reducci\u00f3n de Estr\u00e9s basado en Mindfulness (MBSR)<\/b>, la red GMC ofrece un itinerario de ense\u00f1anza y de aprendizaje consistente y con altos est\u00e1ndares de calidad.\u00a0<\/h6><h6><b>Acceso en todo el mundo a una formaci\u00f3n de excelencia en MBSR<br \/><\/b>La red GMC promueve la formaci\u00f3n de profesores\/as de MBSR en todo el mundo ofreciendo un curr\u00edculo y un camino de formaci\u00f3n que desarrolla en profundidad la pr\u00e1ctica y tiene su origen en el itinerario de formaci\u00f3n desarrollado por el Center for Mindfulness (CFM) de la Universidad de Massachusetts y el Mindfulness Center de la Universidad de Brown (MC@B). Las profesoras y profesores que forman parte de la GMC tienen una larga experiencia en meditaci\u00f3n y  en formaci\u00f3n. La pertenencia a una red internacional facilita una mirada inclusiva a trav\u00e9s de las diferentes culturas y se re\u00fanen peri\u00f3dicamente para revisar el plan de estudios, los requisitos m\u00ednimos y los est\u00e1ndares de la formaci\u00f3n, teniendo en cuenta las aportaciones de todos y todas para garantizar una alta calidad y satisfacer las necesidades culturales y ling\u00fc\u00edsticas espec\u00edficas.<a href=\"http:\/\/globalmindfulnesscollaborative.org\/es\/can-my-credit-card-for-online-gambling\/\">,<\/a> GMC members meet regularly to discuss the training curriculum, minimum requirements, and standards. GMC members incorporate feedback from all members to ensure high quality and to meet specific cultural and language needs.\u00a0<\/h6><h6><b>El Programa MBSR como un camino de transformaci\u00f3n\u00a0<br \/><\/b>Las personas que forman parte de la GMC consideran el Programa MBSR como un medio transformador para el coraz\u00f3n y la mente del ser humano. Como personas y como colectivo, nuestra aspiraci\u00f3n es poder encarnar la integridad, la sabidur\u00eda y el reconocimiento del potencial individual que el Programa MBSR ofrece como pr\u00e1ctica y como forma de ser.<br \/>Nos adherimos a los principios globales sobre \u00e9tica, personificaci\u00f3n de la pr\u00e1ctica y est\u00e1ndares para profesoras\/es y formadores\/as, tal y como se articulan en la International Mindfulness Integrity Network.<\/h6>\t\t\t\t\t\t\t\t<\/div>\n\t\t\t\t<\/div>\n\t\t\t\t<div class=\"elementor-element elementor-element-a200049 elementor-align-center elementor-widget elementor-widget-button\" data-id=\"a200049\" data-element_type=\"widget\" data-e-type=\"widget\" data-widget_type=\"button.default\">\n\t\t\t\t<div class=\"elementor-widget-container\">\n\t\t\t\t\t\t\t\t\t<div class=\"elementor-button-wrapper\">\n\t\t\t\t\t<a class=\"elementor-button elementor-button-link elementor-size-md\" href=\"\/es\/mbsr-teacher-training-pathway\/\">\n\t\t\t\t\t\t<span class=\"elementor-button-content-wrapper\">\n\t\t\t\t\t\t\t\t\t<span class=\"elementor-button-text\">Explorar el Itinerario de Formaci\u00f3n<\/span>\n\t\t\t\t\t<\/span>\n\t\t\t\t\t<\/a>\n\t\t\t\t<\/div>\n\t\t\t\t\t\t\t\t<\/div>\n\t\t\t\t<\/div>\n\t\t\t\t<section class=\"elementor-section elementor-inner-section elementor-element elementor-element-d436053 elementor-section-boxed elementor-section-height-default elementor-section-height-default\" data-id=\"d436053\" data-element_type=\"section\" data-e-type=\"section\" data-settings=\"{&quot;background_background&quot;:&quot;gradient&quot;}\">\n\t\t\t\t\t\t<div class=\"elementor-container elementor-column-gap-default\">\n\t\t\t\t\t<div class=\"elementor-column elementor-col-50 elementor-inner-column elementor-element elementor-element-6ae3af6\" data-id=\"6ae3af6\" data-element_type=\"column\" data-e-type=\"column\">\n\t\t\t<div class=\"elementor-widget-wrap elementor-element-populated\">\n\t\t\t\t\t\t<div class=\"elementor-element elementor-element-ec48850 elementor-widget elementor-widget-video\" data-id=\"ec48850\" data-element_type=\"widget\" data-e-type=\"widget\" data-settings=\"{&quot;video_type&quot;:&quot;vimeo&quot;}\" data-widget_type=\"video.default\">\n\t\t\t\t<div class=\"elementor-widget-container\">\n\t\t\t\t\t\t\t<div class=\"elementor-wrapper elementor-open-inline\">\n\t\t\t<iframe class=\"elementor-video-iframe\" allowfullscreen allow=\"clipboard-write\" title=\"vimeo Video Player\" src=\"https:\/\/player.vimeo.com\/video\/745816303?color&amp;autopause=0&amp;loop=0&amp;muted=0&amp;title=1&amp;portrait=1&amp;byline=1#t=\"><\/iframe>\t\t<\/div>\n\t\t\t\t\t\t<\/div>\n\t\t\t\t<\/div>\n\t\t\t\t\t<\/div>\n\t\t<\/div>\n\t\t\t\t<div class=\"elementor-column elementor-col-50 elementor-inner-column elementor-element elementor-element-8be9eda\" data-id=\"8be9eda\" data-element_type=\"column\" data-e-type=\"column\">\n\t\t\t<div class=\"elementor-widget-wrap elementor-element-populated\">\n\t\t\t\t\t\t<div class=\"elementor-element elementor-element-bb133e2 elementor-widget elementor-widget-video\" data-id=\"bb133e2\" data-element_type=\"widget\" data-e-type=\"widget\" data-settings=\"{&quot;video_type&quot;:&quot;vimeo&quot;}\" data-widget_type=\"video.default\">\n\t\t\t\t<div class=\"elementor-widget-container\">\n\t\t\t\t\t\t\t<div class=\"elementor-wrapper elementor-open-inline\">\n\t\t\t<iframe class=\"elementor-video-iframe\" allowfullscreen allow=\"clipboard-write\" title=\"vimeo Video Player\" src=\"https:\/\/player.vimeo.com\/video\/745818064?color&amp;autopause=0&amp;loop=0&amp;muted=0&amp;title=1&amp;portrait=1&amp;byline=1#t=\"><\/iframe>\t\t<\/div>\n\t\t\t\t\t\t<\/div>\n\t\t\t\t<\/div>\n\t\t\t\t\t<\/div>\n\t\t<\/div>\n\t\t\t\t\t<\/div>\n\t\t<\/section>\n\t\t\t\t<div class=\"elementor-element elementor-element-33e663a elementor-widget elementor-widget-accordion\" data-id=\"33e663a\" data-element_type=\"widget\" data-e-type=\"widget\" data-widget_type=\"accordion.default\">\n\t\t\t\t<div class=\"elementor-widget-container\">\n\t\t\t\t\t\t\t<div class=\"elementor-accordion\">\n\t\t\t\t\t\t\t<div class=\"elementor-accordion-item\">\n\t\t\t\t\t<div id=\"elementor-tab-title-5441\" class=\"elementor-tab-title\" data-tab=\"1\" role=\"button\" aria-controls=\"elementor-tab-content-5441\" aria-expanded=\"false\">\n\t\t\t\t\t\t\t\t\t\t\t\t\t<span class=\"elementor-accordion-icon elementor-accordion-icon-left\" aria-hidden=\"true\">\n\t\t\t\t\t\t\t\t\t\t\t\t\t\t\t<span class=\"elementor-accordion-icon-closed\"><i class=\"fas fa-plus\"><\/i><\/span>\n\t\t\t\t\t\t\t\t<span class=\"elementor-accordion-icon-opened\"><i class=\"fas fa-minus\"><\/i><\/span>\n\t\t\t\t\t\t\t\t\t\t\t\t\t\t<\/span>\n\t\t\t\t\t\t\t\t\t\t\t\t<a class=\"elementor-accordion-title\" tabindex=\"0\">Un Itinerario de Formaci\u00f3n de MBSR compartido y consistente<\/a>\n\t\t\t\t\t<\/div>\n\t\t\t\t\t<div id=\"elementor-tab-content-5441\" class=\"elementor-tab-content elementor-clearfix\" data-tab=\"1\" role=\"region\" aria-labelledby=\"elementor-tab-title-5441\"><p class=\"translation-block\">Los miembros del GMC ofrecemos el itinerario de formaci\u00f3n de MBSR hasta la certificaci\u00f3n para las personas que quieran formarse con cualquiera de las organizaciones que son miembros del GMC. Apoyamos los Est\u00e1ndares de Buenas Pr\u00e1cticas de la ense\u00f1anza de mindfulness y de la formaci\u00f3n de profesores. Compartimos el linaje de formaci\u00f3n con nuestros profesores del Center for Mindfulness de la Universidad de Masachusetts y del Mindfulness Center de la Universidad de Brown, y tambi\u00e9n compartimos la confianza y el apoyo entre todos, tal y como se pone de manifiesto en nuestra pol\u00edtica de reciprocidad: cualquier estudiante que inicia su formaci\u00f3n en una de los miembros del GMC puede continuar con cualquier otra de las organizaciones dentro del GMC. (En este caso, la excepci\u00f3n ser\u00eda el Mindfulness Center de la Universidad de Brown, miembro del GMC con un Programa de Certificaci\u00f3n diferente gestionado a trav\u00e9s de la Escuela de Estudios Profesionales de la Universidad de Brown).<\/p><\/div>\n\t\t\t\t<\/div>\n\t\t\t\t\t\t\t<div class=\"elementor-accordion-item\">\n\t\t\t\t\t<div id=\"elementor-tab-title-5442\" class=\"elementor-tab-title\" data-tab=\"2\" role=\"button\" aria-controls=\"elementor-tab-content-5442\" aria-expanded=\"false\">\n\t\t\t\t\t\t\t\t\t\t\t\t\t<span class=\"elementor-accordion-icon elementor-accordion-icon-left\" aria-hidden=\"true\">\n\t\t\t\t\t\t\t\t\t\t\t\t\t\t\t<span class=\"elementor-accordion-icon-closed\"><i class=\"fas fa-plus\"><\/i><\/span>\n\t\t\t\t\t\t\t\t<span class=\"elementor-accordion-icon-opened\"><i class=\"fas fa-minus\"><\/i><\/span>\n\t\t\t\t\t\t\t\t\t\t\t\t\t\t<\/span>\n\t\t\t\t\t\t\t\t\t\t\t\t<a class=\"elementor-accordion-title\" tabindex=\"0\">\u00c9nfasis en la integraci\u00f3n personal de la pr\u00e1ctica (embodiment-personificaci\u00f3n)<\/a>\n\t\t\t\t\t<\/div>\n\t\t\t\t\t<div id=\"elementor-tab-content-5442\" class=\"elementor-tab-content elementor-clearfix\" data-tab=\"2\" role=\"region\" aria-labelledby=\"elementor-tab-title-5442\"><p>Creemos que la ense\u00f1anza adecuada de MBSR s\u00f3lo puede surgir de una pr\u00e1ctica personal profunda de meditaci\u00f3n mindfulness. La pr\u00e1ctica de mindfulness aumenta nuestra capacidad de estar presentes con lo que surge en cualquier momento, tanto en nosotros mismos como en los participantes y en el grupo. Cuando invitamos a las personas que participan en los cursos de MBSR a responder con curiosidad y atenci\u00f3n a lo que se va desplegando en cada momento, nuestra intenci\u00f3n es hacerlo igualmente nosotros\/as mismos\/as en la clase de MBSR y en nuestras vidas.<\/p><p>Para ayudar a nuestras\/os alumnas\/os a profundizar en la pr\u00e1ctica, planteamos unos rigurosos requisitos sobre los retiros a realizar a lo largo de la formaci\u00f3n de profesores.<\/p><p>La supervisi\u00f3n se plantea como una manera de seguir aplicando la pr\u00e1ctica en los desaf\u00edos que surgen al ense\u00f1ar y en la vida diaria. Es una parte obligatoria del itinerario y se fomenta a lo largo de la carrera docente.<\/p><\/div>\n\t\t\t\t<\/div>\n\t\t\t\t\t\t\t<div class=\"elementor-accordion-item\">\n\t\t\t\t\t<div id=\"elementor-tab-title-5443\" class=\"elementor-tab-title\" data-tab=\"3\" role=\"button\" aria-controls=\"elementor-tab-content-5443\" aria-expanded=\"false\">\n\t\t\t\t\t\t\t\t\t\t\t\t\t<span class=\"elementor-accordion-icon elementor-accordion-icon-left\" aria-hidden=\"true\">\n\t\t\t\t\t\t\t\t\t\t\t\t\t\t\t<span class=\"elementor-accordion-icon-closed\"><i class=\"fas fa-plus\"><\/i><\/span>\n\t\t\t\t\t\t\t\t<span class=\"elementor-accordion-icon-opened\"><i class=\"fas fa-minus\"><\/i><\/span>\n\t\t\t\t\t\t\t\t\t\t\t\t\t\t<\/span>\n\t\t\t\t\t\t\t\t\t\t\t\t<a class=\"elementor-accordion-title\" tabindex=\"0\">Basado en la evidencia cient\u00edfica del Programa MBSR<\/a>\n\t\t\t\t\t<\/div>\n\t\t\t\t\t<div id=\"elementor-tab-content-5443\" class=\"elementor-tab-content elementor-clearfix\" data-tab=\"3\" role=\"region\" aria-labelledby=\"elementor-tab-title-5443\"><h2 data-elementor-setting-key=\"title\" data-pen-placeholder=\"Type Here...\"><span style=\"font-weight: normal;\"><span style=\"color: #868990; font-size: 18px;\">Basado en la evidencia cient\u00edfica del Programa MBSR\nNos basamos en la literatura cient\u00edfica sobre el programa MBSR como un importante apoyo para la excelencia en la ense\u00f1anza y la formaci\u00f3n de profesores\/as. Adem\u00e1s, las personas que participan en la GMC contribuyen al campo en expansi\u00f3n de las intervenciones basadas en mindfulness llevando a cabo investigaciones propias sobre el programa MBSR y otros programas similares. La evidencia en las investigaciones sobre los beneficios de la meditaci\u00f3n para la salud y el bienestar se han ampliado en los \u00faltimos a\u00f1os, con importantes contribuciones de las investigaciones sobre el programa MBSR. El programa MBSR contribuye a la fortaleza emp\u00edrica de las investigaciones sobre la meditaci\u00f3n porque incluye est\u00e1ndares y pautas, as\u00ed como una formaci\u00f3n rigurosa y la profundidad de la pr\u00e1ctica de las profesoras y profesores de MBSR. Reconocemos que la investigaci\u00f3n cient\u00edfica es esencial para promover nuestro objetivo de aumentar la accesibilidad al programa MBSR en las comunidades a las que servimos.\u00a0<\/span><span style=\"caret-color: #868990; color: #868990; font-family: 'Open Sans', sans-serif; font-size: 15px;\">\u00a0<\/span><\/span><\/h2><\/div>\n\t\t\t\t<\/div>\n\t\t\t\t\t\t\t<div class=\"elementor-accordion-item\">\n\t\t\t\t\t<div id=\"elementor-tab-title-5444\" class=\"elementor-tab-title\" data-tab=\"4\" role=\"button\" aria-controls=\"elementor-tab-content-5444\" aria-expanded=\"false\">\n\t\t\t\t\t\t\t\t\t\t\t\t\t<span class=\"elementor-accordion-icon elementor-accordion-icon-left\" aria-hidden=\"true\">\n\t\t\t\t\t\t\t\t\t\t\t\t\t\t\t<span class=\"elementor-accordion-icon-closed\"><i class=\"fas fa-plus\"><\/i><\/span>\n\t\t\t\t\t\t\t\t<span class=\"elementor-accordion-icon-opened\"><i class=\"fas fa-minus\"><\/i><\/span>\n\t\t\t\t\t\t\t\t\t\t\t\t\t\t<\/span>\n\t\t\t\t\t\t\t\t\t\t\t\t<a class=\"elementor-accordion-title\" tabindex=\"0\">Fortalezas de nuestro itinerario de formaci\u00f3n<\/a>\n\t\t\t\t\t<\/div>\n\t\t\t\t\t<div id=\"elementor-tab-content-5444\" class=\"elementor-tab-content elementor-clearfix\" data-tab=\"4\" role=\"region\" aria-labelledby=\"elementor-tab-title-5444\"><p>Reconocemos que nuestra fuerza como organizaci\u00f3n reside en la diversidad y la profundidad de la experiencia de nuestra comunidad de profesionales y compa\u00f1eros\/as. Entendemos la colaboraci\u00f3n como un apoyo en cuanto a la responsabilidad individual y colectiva, la autenticidad y la excelencia.<\/p><p>Nos apoyamos mutuamente para mantenernos cerca de las ra\u00edces de nuestra pr\u00e1ctica, y para participar en las exigencias de la organizaci\u00f3n, la formaci\u00f3n y la vida cotidiana como una oportunidad para la pr\u00e1ctica de mindfulness.<\/p><p>Compartimos un linaje de profesores\/as y de formaci\u00f3n en el CFM  (Center for Mindfulness de la Universidad de Massachusetts) y en el MC@B (Mindfulness Center at Brown University), aprendiendo de aquellos que fundaron y desarrollaron el MBSR y el camino original de formaci\u00f3n de profesores\/as del MBSR. Aspiramos a honrar a nuestros maestros y tutores senior adhiri\u00e9ndonos al coraz\u00f3n de los programas y pr\u00e1cticas, asent\u00e1ndonos siempre en nuestra humanidad y de nuestros recursos inherentes para la transformaci\u00f3n y el florecimiento.<\/p><\/div>\n\t\t\t\t<\/div>\n\t\t\t\t\t\t\t\t<\/div>\n\t\t\t\t\t\t<\/div>\n\t\t\t\t<\/div>\n\t\t\t\t\t<\/div>\n\t\t<\/div>\n\t\t\t\t\t<\/div>\n\t\t<\/section>\n\t\t\t\t<\/div>","protected":false},"excerpt":{"rendered":"<p>The Global Mindfulness Collaborative The Global Mindfulness Collaborative (GMC) is an international network of MBSR teacher trainers committed to offering evidence-based MBSR Teacher Training in alignment with high quality standards and best practices. For those wanting to become Mindfulness-Based Stress Reduction Program (MBSR) teachers, the GMC is a resource of high quality and consistent teaching and learning.\u00a0 World-Wide Access to Highly Regarded MBSR Teacher TrainingThe GMC fosters MBSR Teacher Training across the world with highly regarded curricula and pathway based on the teacher training pathways develop by the Center for [&hellip;]<\/p>\n","protected":false},"author":1,"featured_media":0,"parent":0,"menu_order":0,"comment_status":"closed","ping_status":"closed","template":"page-templates\/page_front-page.php","meta":{"_acf_changed":false,"footnotes":""},"class_list":["post-616","page","type-page","status-publish","hentry"],"acf":[],"_links":{"self":[{"href":"https:\/\/globalmindfulnesscollaborative.org\/es\/wp-json\/wp\/v2\/pages\/616","targetHints":{"allow":["GET"]}}],"collection":[{"href":"https:\/\/globalmindfulnesscollaborative.org\/es\/wp-json\/wp\/v2\/pages"}],"about":[{"href":"https:\/\/globalmindfulnesscollaborative.org\/es\/wp-json\/wp\/v2\/types\/page"}],"author":[{"embeddable":true,"href":"https:\/\/globalmindfulnesscollaborative.org\/es\/wp-json\/wp\/v2\/users\/1"}],"replies":[{"embeddable":true,"href":"https:\/\/globalmindfulnesscollaborative.org\/es\/wp-json\/wp\/v2\/comments?post=616"}],"version-history":[{"count":150,"href":"https:\/\/globalmindfulnesscollaborative.org\/es\/wp-json\/wp\/v2\/pages\/616\/revisions"}],"predecessor-version":[{"id":3433,"href":"https:\/\/globalmindfulnesscollaborative.org\/es\/wp-json\/wp\/v2\/pages\/616\/revisions\/3433"}],"wp:attachment":[{"href":"https:\/\/globalmindfulnesscollaborative.org\/es\/wp-json\/wp\/v2\/media?parent=616"}],"curies":[{"name":"wp","href":"https:\/\/api.w.org\/{rel}","templated":true}]}}