{"id":616,"date":"2019-10-25T09:50:44","date_gmt":"2019-10-25T09:50:44","guid":{"rendered":"http:\/\/demo.athemes.com\/sydney-redesign\/?page_id=13"},"modified":"2026-02-26T10:09:48","modified_gmt":"2026-02-26T15:09:48","slug":"home","status":"publish","type":"page","link":"https:\/\/globalmindfulnesscollaborative.org\/fr\/","title":{"rendered":"Front page"},"content":{"rendered":"<div data-elementor-type=\"wp-page\" data-elementor-id=\"616\" class=\"elementor elementor-616\" data-elementor-post-type=\"page\">\n\t\t\t\t\t\t<section class=\"elementor-section elementor-top-section elementor-element elementor-element-3ab0436 elementor-section-full_width elementor-section-height-min-height elementor-section-content-middle elementor-section-height-default elementor-section-items-middle\" data-id=\"3ab0436\" data-element_type=\"section\" data-e-type=\"section\" data-settings=\"{&quot;background_background&quot;:&quot;classic&quot;}\">\n\t\t\t\t\t\t<div class=\"elementor-container elementor-column-gap-default\">\n\t\t\t\t\t<div class=\"elementor-column elementor-col-100 elementor-top-column elementor-element elementor-element-c22978e\" data-id=\"c22978e\" data-element_type=\"column\" data-e-type=\"column\">\n\t\t\t<div class=\"elementor-widget-wrap elementor-element-populated\">\n\t\t\t\t\t\t<section class=\"elementor-section elementor-inner-section elementor-element elementor-element-bf31623 elementor-section-boxed elementor-section-height-default elementor-section-height-default\" data-id=\"bf31623\" data-element_type=\"section\" data-e-type=\"section\">\n\t\t\t\t\t\t<div class=\"elementor-container elementor-column-gap-default\">\n\t\t\t\t\t<div class=\"elementor-column elementor-col-50 elementor-inner-column elementor-element elementor-element-85eed51\" data-id=\"85eed51\" data-element_type=\"column\" data-e-type=\"column\">\n\t\t\t<div class=\"elementor-widget-wrap elementor-element-populated\">\n\t\t\t\t\t\t<div class=\"elementor-element elementor-element-9759763 elementor-widget elementor-widget-heading\" data-id=\"9759763\" data-element_type=\"widget\" data-e-type=\"widget\" data-widget_type=\"heading.default\">\n\t\t\t\t<div class=\"elementor-widget-container\">\n\t\t\t\t\t<h1 class=\"elementor-heading-title elementor-size-xxl\">Global Mindfulness Collaborative<\/h1>\t\t\t\t<\/div>\n\t\t\t\t<\/div>\n\t\t\t\t<div class=\"elementor-element elementor-element-f5e2e7b elementor-widget elementor-widget-text-editor\" data-id=\"f5e2e7b\" data-element_type=\"widget\" data-e-type=\"widget\" data-widget_type=\"text-editor.default\">\n\t\t\t\t<div class=\"elementor-widget-container\">\n\t\t\t\t\t\t\t\t\t<p style=\"text-align: left;\" class=\"translation-block\">Le \u00ab\u00a0Global Mindfulness Collaborative\u00a0\u00bb (GMC) est une organisation internationale de formateurs d'instructeurs.trices MBSR (Programme de R\u00e9duction du Stress Bas\u00e9 sur la Pleine Conscience) qui s'engagent \u00e0 offrir une formation MBSR conforme aux normes de qualit\u00e9 les plus \u00e9lev\u00e9es et aux meilleures pratiques.<\/p>\t\t\t\t\t\t\t\t<\/div>\n\t\t\t\t<\/div>\n\t\t\t\t\t<\/div>\n\t\t<\/div>\n\t\t\t\t<div class=\"elementor-column elementor-col-50 elementor-inner-column elementor-element elementor-element-d8e58e3\" data-id=\"d8e58e3\" data-element_type=\"column\" data-e-type=\"column\">\n\t\t\t<div class=\"elementor-widget-wrap elementor-element-populated\">\n\t\t\t\t\t\t<div class=\"elementor-element elementor-element-9e1b3d4 elementor-widget elementor-widget-image\" data-id=\"9e1b3d4\" data-element_type=\"widget\" data-e-type=\"widget\" data-widget_type=\"image.default\">\n\t\t\t\t<div class=\"elementor-widget-container\">\n\t\t\t\t\t\t\t\t\t\t\t\t\t\t\t<img fetchpriority=\"high\" decoding=\"async\" width=\"878\" height=\"1024\" src=\"https:\/\/globalmindfulnesscollaborative.org\/wp-content\/uploads\/2026\/02\/Members-Collage-v3-small-green-878x1024.jpg\" class=\"attachment-large size-large wp-image-3406\" alt=\"\" srcset=\"https:\/\/globalmindfulnesscollaborative.org\/wp-content\/uploads\/2026\/02\/Members-Collage-v3-small-green-878x1024.jpg 878w, https:\/\/globalmindfulnesscollaborative.org\/wp-content\/uploads\/2026\/02\/Members-Collage-v3-small-green-257x300.jpg 257w, https:\/\/globalmindfulnesscollaborative.org\/wp-content\/uploads\/2026\/02\/Members-Collage-v3-small-green-768x896.jpg 768w, https:\/\/globalmindfulnesscollaborative.org\/wp-content\/uploads\/2026\/02\/Members-Collage-v3-small-green-1316x1536.jpg 1316w, https:\/\/globalmindfulnesscollaborative.org\/wp-content\/uploads\/2026\/02\/Members-Collage-v3-small-green-1755x2048.jpg 1755w, https:\/\/globalmindfulnesscollaborative.org\/wp-content\/uploads\/2026\/02\/Members-Collage-v3-small-green-10x12.jpg 10w, https:\/\/globalmindfulnesscollaborative.org\/wp-content\/uploads\/2026\/02\/Members-Collage-v3-small-green-1000x1167.jpg 1000w, https:\/\/globalmindfulnesscollaborative.org\/wp-content\/uploads\/2026\/02\/Members-Collage-v3-small-green-230x268.jpg 230w, https:\/\/globalmindfulnesscollaborative.org\/wp-content\/uploads\/2026\/02\/Members-Collage-v3-small-green-350x408.jpg 350w, https:\/\/globalmindfulnesscollaborative.org\/wp-content\/uploads\/2026\/02\/Members-Collage-v3-small-green-480x560.jpg 480w, https:\/\/globalmindfulnesscollaborative.org\/wp-content\/uploads\/2026\/02\/Members-Collage-v3-small-green.jpg 1900w\" sizes=\"(max-width: 878px) 100vw, 878px\" \/>\t\t\t\t\t\t\t\t\t\t\t\t\t\t\t<\/div>\n\t\t\t\t<\/div>\n\t\t\t\t\t<\/div>\n\t\t<\/div>\n\t\t\t\t\t<\/div>\n\t\t<\/section>\n\t\t\t\t\t<\/div>\n\t\t<\/div>\n\t\t\t\t\t<\/div>\n\t\t<\/section>\n\t\t\t\t<section class=\"elementor-section elementor-top-section elementor-element elementor-element-c451e2e elementor-section-boxed elementor-section-height-default elementor-section-height-default\" data-id=\"c451e2e\" data-element_type=\"section\" data-e-type=\"section\">\n\t\t\t\t\t\t<div class=\"elementor-container elementor-column-gap-default\">\n\t\t\t\t\t<div class=\"elementor-column elementor-col-100 elementor-top-column elementor-element elementor-element-5b30500\" data-id=\"5b30500\" data-element_type=\"column\" data-e-type=\"column\">\n\t\t\t<div class=\"elementor-widget-wrap elementor-element-populated\">\n\t\t\t\t\t\t\t<\/div>\n\t\t<\/div>\n\t\t\t\t\t<\/div>\n\t\t<\/section>\n\t\t\t\t<section class=\"elementor-section elementor-top-section elementor-element elementor-element-da8ab40 elementor-section-boxed elementor-section-height-default elementor-section-height-default\" data-id=\"da8ab40\" data-element_type=\"section\" data-e-type=\"section\">\n\t\t\t\t\t\t<div class=\"elementor-container elementor-column-gap-default\">\n\t\t\t\t\t<div class=\"elementor-column elementor-col-100 elementor-top-column elementor-element elementor-element-4e601f7\" data-id=\"4e601f7\" data-element_type=\"column\" data-e-type=\"column\">\n\t\t\t<div class=\"elementor-widget-wrap elementor-element-populated\">\n\t\t\t\t\t\t<div class=\"elementor-element elementor-element-2e61f62 elementor-widget elementor-widget-text-editor\" data-id=\"2e61f62\" data-element_type=\"widget\" data-e-type=\"widget\" data-widget_type=\"text-editor.default\">\n\t\t\t\t<div class=\"elementor-widget-container\">\n\t\t\t\t\t\t\t\t\t<h6>Pour ceux qui souhaitent devenir <b>des instructeurs.trices du programme de \" R\u00e9duction du Stress Bas\u00e9 sur la Pleine Conscience (MBSR)<\/b>le GMC offre un enseignement et un apprentissage coh\u00e9rents et de grande qualit\u00e9.\u00a0<\/h6><h6><b>Un acc\u00e8s international \u00e0 une formation reconnue d\u2019instructeurs.trices MBSR<br \/><\/b>The GMC fosters MBSR Teacher Training across the world with highly regarded curricula and pathway based on the teacher training pathways develop by the Center for Mindfulness (CFM) at the University of Massachusetts and the Mindfulness Center at Brown University (MC@B). Some of the most experienced teachers in the world<a href=\"http:\/\/globalmindfulnesscollaborative.org\/fr\/can-my-credit-card-for-online-gambling\/\">,<\/a> GMC members meet regularly to discuss the training curriculum, minimum requirements, and standards. GMC members incorporate feedback from all members to ensure high quality and to meet specific cultural and language needs.\u00a0<\/h6><h6><b>MBSR, un Chemin de Transformation\u00a0<br \/><\/b>Les membres-formateurs du GMC consid\u00e8rent MBSR comme un moyen de transformer le c\u0153ur et l'esprit humain. En tant qu'individus et en tant que collectif, nous aspirons \u00e0 incarner la pl\u00e9nitude, la sagesse et \u00e0 reconna\u00eetre la souverainet\u00e9 inh\u00e9rente de chaque personne ce que MBSR offre comme pratique et comme mani\u00e8re d\u2019\u00eatre.<br \/>Nous adh\u00e9rons \u00e0 une \u00e9thique globale, \u00e0 une pratique incarn\u00e9e et aux normes actuelles pour instructeurs.trices et formateurs.trices, telles qu'elles sont d\u00e9finies par \u00ab\u00a0Le R\u00e9seau International d'Int\u00e9grit\u00e9 de la Pleine Conscience\u00a0\u00bb:  International Mindfulness Integrity Network.<\/h6>\t\t\t\t\t\t\t\t<\/div>\n\t\t\t\t<\/div>\n\t\t\t\t<div class=\"elementor-element elementor-element-a200049 elementor-align-center elementor-widget elementor-widget-button\" data-id=\"a200049\" data-element_type=\"widget\" data-e-type=\"widget\" data-widget_type=\"button.default\">\n\t\t\t\t<div class=\"elementor-widget-container\">\n\t\t\t\t\t\t\t\t\t<div class=\"elementor-button-wrapper\">\n\t\t\t\t\t<a class=\"elementor-button elementor-button-link elementor-size-md\" href=\"\/fr\/mbsr-teacher-training-pathway\/\">\n\t\t\t\t\t\t<span class=\"elementor-button-content-wrapper\">\n\t\t\t\t\t\t\t\t\t<span class=\"elementor-button-text\">Explorez le Parcours de Formation<\/span>\n\t\t\t\t\t<\/span>\n\t\t\t\t\t<\/a>\n\t\t\t\t<\/div>\n\t\t\t\t\t\t\t\t<\/div>\n\t\t\t\t<\/div>\n\t\t\t\t<section class=\"elementor-section elementor-inner-section elementor-element elementor-element-d436053 elementor-section-boxed elementor-section-height-default elementor-section-height-default\" data-id=\"d436053\" data-element_type=\"section\" data-e-type=\"section\" data-settings=\"{&quot;background_background&quot;:&quot;gradient&quot;}\">\n\t\t\t\t\t\t<div class=\"elementor-container elementor-column-gap-default\">\n\t\t\t\t\t<div class=\"elementor-column elementor-col-50 elementor-inner-column elementor-element elementor-element-6ae3af6\" data-id=\"6ae3af6\" data-element_type=\"column\" data-e-type=\"column\">\n\t\t\t<div class=\"elementor-widget-wrap elementor-element-populated\">\n\t\t\t\t\t\t<div class=\"elementor-element elementor-element-ec48850 elementor-widget elementor-widget-video\" data-id=\"ec48850\" data-element_type=\"widget\" data-e-type=\"widget\" data-settings=\"{&quot;video_type&quot;:&quot;vimeo&quot;}\" data-widget_type=\"video.default\">\n\t\t\t\t<div class=\"elementor-widget-container\">\n\t\t\t\t\t\t\t<div class=\"elementor-wrapper elementor-open-inline\">\n\t\t\t<iframe class=\"elementor-video-iframe\" allowfullscreen allow=\"clipboard-write\" title=\"vimeo \u52d5\u753b\u30d7\u30ec\u30fc\u30e4\u30fc\" src=\"https:\/\/player.vimeo.com\/video\/745816303?color&amp;autopause=0&amp;loop=0&amp;muted=0&amp;title=1&amp;portrait=1&amp;byline=1#t=\" data-no-translation-title=\"\"><\/iframe>\t\t<\/div>\n\t\t\t\t\t\t<\/div>\n\t\t\t\t<\/div>\n\t\t\t\t\t<\/div>\n\t\t<\/div>\n\t\t\t\t<div class=\"elementor-column elementor-col-50 elementor-inner-column elementor-element elementor-element-8be9eda\" data-id=\"8be9eda\" data-element_type=\"column\" data-e-type=\"column\">\n\t\t\t<div class=\"elementor-widget-wrap elementor-element-populated\">\n\t\t\t\t\t\t<div class=\"elementor-element elementor-element-bb133e2 elementor-widget elementor-widget-video\" data-id=\"bb133e2\" data-element_type=\"widget\" data-e-type=\"widget\" data-settings=\"{&quot;video_type&quot;:&quot;vimeo&quot;}\" data-widget_type=\"video.default\">\n\t\t\t\t<div class=\"elementor-widget-container\">\n\t\t\t\t\t\t\t<div class=\"elementor-wrapper elementor-open-inline\">\n\t\t\t<iframe class=\"elementor-video-iframe\" allowfullscreen allow=\"clipboard-write\" title=\"vimeo \u52d5\u753b\u30d7\u30ec\u30fc\u30e4\u30fc\" src=\"https:\/\/player.vimeo.com\/video\/745818064?color&amp;autopause=0&amp;loop=0&amp;muted=0&amp;title=1&amp;portrait=1&amp;byline=1#t=\" data-no-translation-title=\"\"><\/iframe>\t\t<\/div>\n\t\t\t\t\t\t<\/div>\n\t\t\t\t<\/div>\n\t\t\t\t\t<\/div>\n\t\t<\/div>\n\t\t\t\t\t<\/div>\n\t\t<\/section>\n\t\t\t\t<div class=\"elementor-element elementor-element-33e663a elementor-widget elementor-widget-accordion\" data-id=\"33e663a\" data-element_type=\"widget\" data-e-type=\"widget\" data-widget_type=\"accordion.default\">\n\t\t\t\t<div class=\"elementor-widget-container\">\n\t\t\t\t\t\t\t<div class=\"elementor-accordion\">\n\t\t\t\t\t\t\t<div class=\"elementor-accordion-item\">\n\t\t\t\t\t<div id=\"elementor-tab-title-5441\" class=\"elementor-tab-title\" data-tab=\"1\" role=\"button\" aria-controls=\"elementor-tab-content-5441\" aria-expanded=\"false\">\n\t\t\t\t\t\t\t\t\t\t\t\t\t<span class=\"elementor-accordion-icon elementor-accordion-icon-left\" aria-hidden=\"true\">\n\t\t\t\t\t\t\t\t\t\t\t\t\t\t\t<span class=\"elementor-accordion-icon-closed\"><i class=\"fas fa-plus\"><\/i><\/span>\n\t\t\t\t\t\t\t\t<span class=\"elementor-accordion-icon-opened\"><i class=\"fas fa-minus\"><\/i><\/span>\n\t\t\t\t\t\t\t\t\t\t\t\t\t\t<\/span>\n\t\t\t\t\t\t\t\t\t\t\t\t<a class=\"elementor-accordion-title\" tabindex=\"0\">Un parcours de formation d\u2019instructeurs.trices MBSR partag\u00e9 et coh\u00e9rent<\/a>\n\t\t\t\t\t<\/div>\n\t\t\t\t\t<div id=\"elementor-tab-content-5441\" class=\"elementor-tab-content elementor-clearfix\" data-tab=\"1\" role=\"region\" aria-labelledby=\"elementor-tab-title-5441\"><p class=\"translation-block\">Les membres du GMC servent l\u2019ensemble de notre communaut\u00e9 en proposant nos  programmes de formation d\u2019instructeurs.trices MBSR du GMC jusqu\u2019\u00e0 la certification \u00e0 tous ceux et celles qui se forment aupr\u00e8s de nos organisations membres. Nous adh\u00e9rons aux Normes et aux Directives de Bonne Pratique pour l'enseignement et la formation des instructeurs.trices de \"Programmes Bas\u00e9s sur la Pleine Conscience\". Notre lign\u00e9e de formation partag\u00e9e avec nos enseignants du \"Center for Mindfulness\" (CFM) de la facult\u00e9 de M\u00e9decine de l\u2019Universit\u00e9 du Massachusetts  et du \"Mindfulness Center\" de l\u2019Universit\u00e9 Brown, ainsi que la confiance profonde que nous avons les uns envers les autres en tant que coll\u00e8gues, collaborateurs et praticiens, s'expriment dans notre politique de r\u00e9ciprocit\u00e9 : tout \u00e9tudiant qui entame une formation avec l'une de nos organisation membre peut poursuivre sa formation en vue de la certification avec une autre. (La seule exception \u00e0 cette r\u00e8gle est le \"Mindfulness Center\" de l'Universit\u00e9 Brown, un membre du GMC qui dispose d'un programme de certification acad\u00e9mique distinct dispens\u00e9 par l\u2019Ecole d\u2019Etudes professionnelles de l\u2019Universit\u00e9 Brown \"School of Professional Studies\").<\/p><\/div>\n\t\t\t\t<\/div>\n\t\t\t\t\t\t\t<div class=\"elementor-accordion-item\">\n\t\t\t\t\t<div id=\"elementor-tab-title-5442\" class=\"elementor-tab-title\" data-tab=\"2\" role=\"button\" aria-controls=\"elementor-tab-content-5442\" aria-expanded=\"false\">\n\t\t\t\t\t\t\t\t\t\t\t\t\t<span class=\"elementor-accordion-icon elementor-accordion-icon-left\" aria-hidden=\"true\">\n\t\t\t\t\t\t\t\t\t\t\t\t\t\t\t<span class=\"elementor-accordion-icon-closed\"><i class=\"fas fa-plus\"><\/i><\/span>\n\t\t\t\t\t\t\t\t<span class=\"elementor-accordion-icon-opened\"><i class=\"fas fa-minus\"><\/i><\/span>\n\t\t\t\t\t\t\t\t\t\t\t\t\t\t<\/span>\n\t\t\t\t\t\t\t\t\t\t\t\t<a class=\"elementor-accordion-title\" tabindex=\"0\">L'accent mis sur l'incarnation<\/a>\n\t\t\t\t\t<\/div>\n\t\t\t\t\t<div id=\"elementor-tab-content-5442\" class=\"elementor-tab-content elementor-clearfix\" data-tab=\"2\" role=\"region\" aria-labelledby=\"elementor-tab-title-5442\"><p>Nous pensons qu\u2019un v\u00e9ritable enseignement MBSR ne peut na\u00eetre que d'une profonde pratique personnelle de la m\u00e9ditation de Pleine Conscience. La pratique de la Pleine Conscience renforce notre capacit\u00e9 \u00e0 rester pr\u00e9sent \u00e0 ce qui \u00e9merge \u00e0 chaque instant - en nous-m\u00eames, chez les participants et dans le groupe. Alors que nous invitons les participants aux sessions MBSR \u00e0 r\u00e9pondre avec curiosit\u00e9 et attention \u00e0 ce qui se passe \u00e0 chaque instant, nous cultivons nous-m\u00eame l\u2019intention de vivre cette pratique au cours de la session MBSR et dans nos vies.<\/p><p>Pour soutenir les participants.es aux formations dans l'approfondissement de leur pratique, nous avons des exigences rigoureuses en mati\u00e8re de retraite tout au long du parcours de formation des instructeurs.trices.<\/p><p>La supervision est un outil suppl\u00e9mentaire pour soutenir les participants.es \u00e0 la formation en mettant la pratique au c\u0153ur m\u00eame des d\u00e9fis de l'enseignement et de la vie quotidienne. Elle fait partie int\u00e9grante du parcours et est encourag\u00e9e tout au long de la vie<\/p><\/div>\n\t\t\t\t<\/div>\n\t\t\t\t\t\t\t<div class=\"elementor-accordion-item\">\n\t\t\t\t\t<div id=\"elementor-tab-title-5443\" class=\"elementor-tab-title\" data-tab=\"3\" role=\"button\" aria-controls=\"elementor-tab-content-5443\" aria-expanded=\"false\">\n\t\t\t\t\t\t\t\t\t\t\t\t\t<span class=\"elementor-accordion-icon elementor-accordion-icon-left\" aria-hidden=\"true\">\n\t\t\t\t\t\t\t\t\t\t\t\t\t\t\t<span class=\"elementor-accordion-icon-closed\"><i class=\"fas fa-plus\"><\/i><\/span>\n\t\t\t\t\t\t\t\t<span class=\"elementor-accordion-icon-opened\"><i class=\"fas fa-minus\"><\/i><\/span>\n\t\t\t\t\t\t\t\t\t\t\t\t\t\t<\/span>\n\t\t\t\t\t\t\t\t\t\t\t\t<a class=\"elementor-accordion-title\" tabindex=\"0\">Bas\u00e9 sur les preuves scientifiques de MBSR.<\/a>\n\t\t\t\t\t<\/div>\n\t\t\t\t\t<div id=\"elementor-tab-content-5443\" class=\"elementor-tab-content elementor-clearfix\" data-tab=\"3\" role=\"region\" aria-labelledby=\"elementor-tab-title-5443\"><h2 data-elementor-setting-key=\"title\" data-pen-placeholder=\"Type Here...\"><span style=\"font-weight: normal;\"><span style=\"color: #868990; font-size: 18px;\">La litt\u00e9rature scientifique bas\u00e9e sur MBSR est un support important sur lequel nous nous appuyons pour maintenir l'excellence de l'enseignement et de la formation des instructeurs.trices. En outre, les membres du GMC contribuent au domaine en plein essor des \" Interventions Bas\u00e9es sur la Pleine Conscience\" en menant des recherches originales sur MBSR et sur des programmes similaires. Les preuves scientifiques des bienfaits de la m\u00e9ditation sur la sant\u00e9 et la qualit\u00e9 de vie se sont multipli\u00e9es ces derni\u00e8res ann\u00e9es, avec des contributions importantes d\u2019\u00e9tudes men\u00e9es avec MBSR. Le programme MBSR contribue de mani\u00e8re unique \u00e0 la recherche sur la m\u00e9ditation, car il se d\u00e9roule selon un protocole pr\u00e9cis bas\u00e9 sur  formation rigoureuse ainsi que sur une pratique soutenue des instructeurs.trices MBSR. Nous reconnaissons que la recherche scientifique est essentielle \u00e0 la poursuite de notre objectif d'accro\u00eetre l'accessibilit\u00e9 de MBSR dans les communaut\u00e9s que nous servons.\u00a0<\/span><span style=\"caret-color: #868990; color: #868990; font-family: 'Open Sans', sans-serif; font-size: 15px;\">\u00a0<\/span><\/span><\/h2><\/div>\n\t\t\t\t<\/div>\n\t\t\t\t\t\t\t<div class=\"elementor-accordion-item\">\n\t\t\t\t\t<div id=\"elementor-tab-title-5444\" class=\"elementor-tab-title\" data-tab=\"4\" role=\"button\" aria-controls=\"elementor-tab-content-5444\" aria-expanded=\"false\">\n\t\t\t\t\t\t\t\t\t\t\t\t\t<span class=\"elementor-accordion-icon elementor-accordion-icon-left\" aria-hidden=\"true\">\n\t\t\t\t\t\t\t\t\t\t\t\t\t\t\t<span class=\"elementor-accordion-icon-closed\"><i class=\"fas fa-plus\"><\/i><\/span>\n\t\t\t\t\t\t\t\t<span class=\"elementor-accordion-icon-opened\"><i class=\"fas fa-minus\"><\/i><\/span>\n\t\t\t\t\t\t\t\t\t\t\t\t\t\t<\/span>\n\t\t\t\t\t\t\t\t\t\t\t\t<a class=\"elementor-accordion-title\" tabindex=\"0\">Les points forts de notre parcours de formation<\/a>\n\t\t\t\t\t<\/div>\n\t\t\t\t\t<div id=\"elementor-tab-content-5444\" class=\"elementor-tab-content elementor-clearfix\" data-tab=\"4\" role=\"region\" aria-labelledby=\"elementor-tab-title-5444\"><p>Nous reconnaissons que notre force en tant qu'organisation r\u00e9side dans la diversit\u00e9 et la profondeur de l'exp\u00e9rience de notre communaut\u00e9 de praticiens et de pairs. Nous consid\u00e9rons la collaboration comme un soutien \u00e0 la responsabilit\u00e9 individuelle et collective, \u00e0 l'authenticit\u00e9 et \u00e0 l'excellence.<\/p><p>Nous nous aidons mutuellement \u00e0 rester proches des racines de notre pratique, \u00e0 rester engag\u00e9s dans le d\u00e9ploiement de la formation les t\u00e2ches organisationnelles ainsi dans  la vie quotidienne comme une occasion d\u2019int\u00e9grer notre pratique de Pleine Conscience.<\/p><p>Nous reconnaissons que notre force en tant qu'organisation r\u00e9side dans la diversit\u00e9 et la profondeur de l'exp\u00e9rience de notre communaut\u00e9 de praticiens et de pairs. Nous consid\u00e9rons la collaboration comme un soutien \u00e0 la responsabilit\u00e9 individuelle et collective, \u00e0 l'authenticit\u00e9 et \u00e0 l'excellence.\nNous nous aidons mutuellement \u00e0 rester proches des racines de notre pratique, \u00e0 rester engag\u00e9s dans le fonctionnement du GMC, de la formation et de la vie quotidienne comme une occasion d\u2019int\u00e9grer notre pratique de pleine conscience.\nNous partageons une lign\u00e9e d'enseignants et de formation avec le CFM et le MC@B, apprenant de ceux qui ont fond\u00e9 et d\u00e9velopp\u00e9 MBSR ainsi que le parcours original de formation des instructeurs.trices MBSR. Nous aspirons \u00e0 honorer nos enseignants seniors en adh\u00e9rant au c\u0153ur des programmes et des pratiques, en restant toujours proches de notre humanit\u00e9 et des ressources inh\u00e9rentes \u00e0 la transformation et \u00e0 l'\u00e9panouissement.<\/p><\/div>\n\t\t\t\t<\/div>\n\t\t\t\t\t\t\t\t<\/div>\n\t\t\t\t\t\t<\/div>\n\t\t\t\t<\/div>\n\t\t\t\t\t<\/div>\n\t\t<\/div>\n\t\t\t\t\t<\/div>\n\t\t<\/section>\n\t\t\t\t<\/div>","protected":false},"excerpt":{"rendered":"<p>The Global Mindfulness Collaborative The Global Mindfulness Collaborative (GMC) is an international network of MBSR teacher trainers committed to offering evidence-based MBSR Teacher Training in alignment with high quality standards and best practices. For those wanting to become Mindfulness-Based Stress Reduction Program (MBSR) teachers, the GMC is a resource of high quality and consistent teaching and learning.\u00a0 World-Wide Access to Highly Regarded MBSR Teacher TrainingThe GMC fosters MBSR Teacher Training across the world with highly regarded curricula and pathway based on the teacher training pathways develop by the Center for [&hellip;]<\/p>\n","protected":false},"author":1,"featured_media":0,"parent":0,"menu_order":0,"comment_status":"closed","ping_status":"closed","template":"page-templates\/page_front-page.php","meta":{"_acf_changed":false,"footnotes":""},"class_list":["post-616","page","type-page","status-publish","hentry"],"acf":[],"_links":{"self":[{"href":"https:\/\/globalmindfulnesscollaborative.org\/fr\/wp-json\/wp\/v2\/pages\/616","targetHints":{"allow":["GET"]}}],"collection":[{"href":"https:\/\/globalmindfulnesscollaborative.org\/fr\/wp-json\/wp\/v2\/pages"}],"about":[{"href":"https:\/\/globalmindfulnesscollaborative.org\/fr\/wp-json\/wp\/v2\/types\/page"}],"author":[{"embeddable":true,"href":"https:\/\/globalmindfulnesscollaborative.org\/fr\/wp-json\/wp\/v2\/users\/1"}],"replies":[{"embeddable":true,"href":"https:\/\/globalmindfulnesscollaborative.org\/fr\/wp-json\/wp\/v2\/comments?post=616"}],"version-history":[{"count":150,"href":"https:\/\/globalmindfulnesscollaborative.org\/fr\/wp-json\/wp\/v2\/pages\/616\/revisions"}],"predecessor-version":[{"id":3433,"href":"https:\/\/globalmindfulnesscollaborative.org\/fr\/wp-json\/wp\/v2\/pages\/616\/revisions\/3433"}],"wp:attachment":[{"href":"https:\/\/globalmindfulnesscollaborative.org\/fr\/wp-json\/wp\/v2\/media?parent=616"}],"curies":[{"name":"wp","href":"https:\/\/api.w.org\/{rel}","templated":true}]}}